{"id":23,"date":"2025-12-31T00:23:02","date_gmt":"2025-12-30T23:23:02","guid":{"rendered":"http:\/\/localhost:8080\/?page_id=23"},"modified":"2026-02-20T15:32:13","modified_gmt":"2026-02-20T15:32:13","slug":"datenschutzerklaerung-2","status":"publish","type":"page","link":"https:\/\/kreuzberg-audio.com\/en\/datenschutzerklaerung-2\/","title":{"rendered":"Privacy Policy"},"content":{"rendered":"<p>As of December 2025<\/p>\n\n\n\n<h2 class=\"wp-block-heading\">person in charge<\/h2>\n\n\n\n<p>Frank Hahn, Kreuzberg Audio, Stra\u00dfmannstra\u00dfe 18, 10249 Berlin, Germany<\/p>\n\n\n\n<p>E-Mail: <a href=\"mailto:frank@kreuzberg-audio.com\">frank@kreuzberg-audio.com<\/a> Phone: +49 171 2069066<\/p>\n\n\n\n<hr class=\"wp-block-separator has-alpha-channel-opacity\"\/>\n\n\n\n<h2 class=\"wp-block-heading\">2. Overview of processing operations<\/h2>\n\n\n\n<p>This privacy policy informs you about the processing of personal data on our website and in our online store.<\/p>\n\n\n\n<hr class=\"wp-block-separator has-alpha-channel-opacity\"\/>\n\n\n\n<h2 class=\"wp-block-heading\">3. Legal basis<\/h2>\n\n\n\n<p>We process personal data on the basis of the following legal grounds:<\/p>\n\n\n\n<ul class=\"wp-block-list\">\n<li class=\" translation-block\"><strong>Consent<\/strong> (Art. 6 para. 1 lit. a GDPR) \u2013 e.g. for newsletters and non-essential cookies<\/li>\n\n\n\n<li class=\" translation-block\"><strong>Contract fulfillment<\/strong> (Art. 6 para. 1 lit. b GDPR) \u2013 e.g., for purchase processing and payments<\/li>\n\n\n\n<li class=\" translation-block\"><strong>Legal obligation<\/strong> (Art. 6 para. 1 lit. c GDPR) \u2013 e.g., tax retention obligations<\/li>\n\n\n\n<li class=\" translation-block\">Legitimate interests (Art. 6 para. 1 lit. f GDPR) \u2013 e.g. for security and optimization of the website<\/li>\n<\/ul>\n\n\n\n<hr class=\"wp-block-separator has-alpha-channel-opacity\"\/>\n\n\n\n<h2 class=\"wp-block-heading\">4. Hosting<\/h2>\n\n\n\n<h3 class=\"wp-block-heading\">Google Cloud Platform<\/h3>\n\n\n\n<p>Our website is hosted on Google Cloud Platform servers.<\/p>\n\n\n\n<p class=\" translation-block\"><strong>Provider:<\/strong> Google Ireland Limited, Gordon House, Barrow Street, Dublin 4, Ireland<\/p>\n\n\n\n<p class=\" translation-block\"><strong>Processed data: <\/strong>  IP address, access time, browser type, operating system, referrer URL<\/p>\n\n\n\n<p class=\" translation-block\">Legal basis: Legitimate interest (Art. 6(1)(f) GDPR)<\/p>\n\n\n\n<p class=\" translation-block\">Third country transfer: Google LLC is certified under the EU-US Data Privacy Framework.<\/p>\n\n\n\n<p class=\" translation-block\"><strong>Privacy policy:<\/strong> <a href=\"https:\/\/cloud.google.com\/privacy\" target=\"_self\">https:\/\/cloud.google.com\/privacy<\/a><\/p>\n\n\n\n<hr class=\"wp-block-separator has-alpha-channel-opacity\"\/>\n\n\n\n<h2 class=\"wp-block-heading\">5. Shop and checkout<\/h2>\n\n\n\n<h3 class=\"wp-block-heading\">Easy Digital Downloads (WordPress)<\/h3>\n\n\n\n<p>We use the Easy Digital Downloads plugin to operate our online store.<\/p>\n\n\n\n<p class=\" translation-block\">Processed data: Name, email address, billing address, purchase history, IP address<\/p>\n\n\n\n<p class=\" translation-block\">Legal basis: Legitimate interest (Art. 6(1)(f) GDPR)<\/p>\n\n\n\n<p class=\" translation-block\"><strong>Storage period:<\/strong> Order data is stored for the duration of the statutory retention period (10 years).<\/p>\n\n\n\n<hr class=\"wp-block-separator has-alpha-channel-opacity\"\/>\n\n\n\n<h2 class=\"wp-block-heading\">6. Payment service providers<\/h2>\n\n\n\n<h3 class=\"wp-block-heading\">PayPal<\/h3>\n\n\n\n<p>For payments via PayPal, you will be redirected to the PayPal website.<\/p>\n\n\n\n<p class=\" translation-block\"><strong>Provider:<\/strong> PayPal (Europe) S.\u00e0 r.l. et Cie, S.C.A., 22-24 Boulevard Royal, L-2449 Luxembourg<\/p>\n\n\n\n<p class=\" translation-block\">Processed data: Name, email address, billing address, purchase history, IP address<\/p>\n\n\n\n<p class=\" translation-block\">Legal basis: Legitimate interest (Art. 6(1)(f) GDPR)<\/p>\n\n\n\n<p class=\" translation-block\">Privacy policy: https:\/\/www.paypal.com\/de\/webapps\/mpp\/ua\/privacy-full<\/p>\n\n\n\n<h3 class=\"wp-block-heading\">Stripe<\/h3>\n\n\n\n<p>We use Stripe for credit card payments.<\/p>\n\n\n\n<p class=\" translation-block\"><strong>Provider:<\/strong> Stripe Payments Europe, Ltd., 1 Grand Canal Street Lower, Grand Canal Dock, Dublin, Ireland<\/p>\n\n\n\n<p class=\" translation-block\">Processed data: Name, email address, billing address, purchase history, IP address<\/p>\n\n\n\n<p class=\" translation-block\">Legal basis: Legitimate interest (Art. 6(1)(f) GDPR)<\/p>\n\n\n\n<p class=\" translation-block\">Third country transfer: Google LLC is certified under the EU-US Data Privacy Framework.<\/p>\n\n\n\n<p class=\" translation-block\"><strong>Privacy policy:<\/strong> <a href=\"https:\/\/cloud.google.com\/privacy\" target=\"_self\">https:\/\/cloud.google.com\/privacy<\/a><\/p>\n\n\n\n<hr class=\"wp-block-separator has-alpha-channel-opacity\"\/>\n\n\n\n<h2 class=\"wp-block-heading\">7. Webanalyse<\/h2>\n\n\n\n<h3 class=\"wp-block-heading\">Google Analytics<\/h3>\n\n\n\n<p>We use Google Analytics to analyze user behavior on our website.<\/p>\n\n\n\n<p class=\" translation-block\"><strong>Provider:<\/strong> Google Ireland Limited, Gordon House, Barrow Street, Dublin 4, Ireland<\/p>\n\n\n\n<p><strong>Verarbeitete Daten:<\/strong> IP-Adresse (anonymisiert), Ger\u00e4teinformationen, Browsertyp, Besuchsdauer, aufgerufene Seiten, Referrer<\/p>\n\n\n\n<p class=\" translation-block\">Legal basis: Legitimate interest (Art. 6(1)(f) GDPR)<\/p>\n\n\n\n<p class=\" translation-block\">Third country transfer: Google LLC is certified under the EU-US Data Privacy Framework.<\/p>\n\n\n\n<p class=\" translation-block\"><strong>Objection:<\/strong> You can prevent Google Analytics from collecting your data by installing the browser add-on to disable Google Analytics: <a href=\"https:\/\/tools.google.com\/dlpage\/gaoptout\" target=\"_self\">https:\/\/tools.google.com\/dlpage\/gaoptout<\/a><\/p>\n\n\n\n<p class=\" translation-block\"><strong>Privacy policy:<\/strong> <a href=\"https:\/\/cloud.google.com\/privacy\" target=\"_self\">https:\/\/cloud.google.com\/privacy<\/a><\/p>\n\n\n\n<hr class=\"wp-block-separator has-alpha-channel-opacity\"\/>\n\n\n\n<h2 class=\"wp-block-heading\">8. Newsletter<\/h2>\n\n\n\n<h3 class=\"wp-block-heading\">Mailchimp<\/h3>\n\n\n\n<p>We use Mailchimp to send our newsletter.<\/p>\n\n\n\n<p class=\" translation-block\"><strong>Provider:<\/strong> Intuit Inc., 2700 Coast Avenue, Mountain View, CA 94043, USA (via Mailchimp, The Rocket Science Group LLC)<\/p>\n\n\n\n<p class=\" translation-block\">Processed data: Name, email address, billing address, purchase history, IP address<\/p>\n\n\n\n<p class=\" translation-block\">Legal basis: Legitimate interest (Art. 6(1)(f) GDPR)<\/p>\n\n\n\n<p class=\" translation-block\"><strong>Double opt-in:<\/strong> We use the double opt-in procedure. After registering, you will receive an email with a confirmation link.<\/p>\n\n\n\n<p class=\" translation-block\">Third country transfer: Google LLC is certified under the EU-US Data Privacy Framework.<\/p>\n\n\n\n<p class=\" translation-block\"><strong>Cancellation:<\/strong> You can unsubscribe from the newsletter at any time by clicking on the unsubscribe link in each email or by sending an email to <a href=\"mailto:frank@kreuzberg-audio.com\" target=\"_self\">frank@kreuzberg-audio.com<\/a>.<\/p>\n\n\n\n<p class=\" translation-block\"><strong>Privacy policy:<\/strong> <a href=\"https:\/\/cloud.google.com\/privacy\" target=\"_self\">https:\/\/cloud.google.com\/privacy<\/a><\/p>\n\n\n\n<hr class=\"wp-block-separator has-alpha-channel-opacity\"\/>\n\n\n\n<h2 class=\"wp-block-heading\">9. Cookies<\/h2>\n\n\n\n<h3 class=\"wp-block-heading\">Technically necessary cookies<\/h3>\n\n\n\n<p>These cookies are necessary for the operation of the website and the shop (e.g., shopping cart, session).<\/p>\n\n\n\n<p class=\" translation-block\">Legal basis: Legitimate interest (Art. 6(1)(f) GDPR)<\/p>\n\n\n\n<h3 class=\"wp-block-heading\">Analyse-Cookies<\/h3>\n\n\n\n<p>Google Analytics sets cookies that are only activated after you have given your consent.<\/p>\n\n\n\n<p class=\" translation-block\">Legal basis: Legitimate interest (Art. 6(1)(f) GDPR)<\/p>\n\n\n\n<h3 class=\"wp-block-heading\">Cookie-Einstellungen<\/h3>\n\n\n\n<p>You can adjust your cookie settings at any time via our cookie banner or disable cookies in your browser settings.<\/p>\n\n\n\n<hr class=\"wp-block-separator has-alpha-channel-opacity\"\/>\n\n\n\n<h2 class=\"wp-block-heading\">10. Your rights<\/h2>\n\n\n\n<p>You have the following rights regarding your personal data:<\/p>\n\n\n\n<ul class=\"wp-block-list\">\n<li class=\" translation-block\"><strong>Information<\/strong> (Art. 15 GDPR) \u2013 Right to information about stored data<\/li>\n\n\n\n<li class=\" translation-block\"><strong>Rectification<\/strong> (Art. 16 GDPR) \u2013 Right to correct inaccurate data<\/li>\n\n\n\n<li class=\" translation-block\"><strong>Erasure<\/strong> (Art. 17 GDPR) \u2013 Right to erasure of your data<\/li>\n\n\n\n<li class=\" translation-block\"><strong>Restriction<\/strong> (Art. 18 GDPR) \u2013 Right to restriction of processing<\/li>\n\n\n\n<li class=\" translation-block\"><strong>Data portability<\/strong> (Art. 20 GDPR) \u2013 Right to receive your data in a machine-readable format<\/li>\n\n\n\n<li class=\" translation-block\"><strong>Objection<\/strong> (Art. 21 GDPR) \u2013 Right to object to processing based on legitimate interests<\/li>\n\n\n\n<li class=\" translation-block\"><strong>Withdrawal<\/strong> (Art. 7 (3) GDPR) \u2013 Right to withdraw consent with effect for the future<\/li>\n<\/ul>\n\n\n\n<p class=\" translation-block\">To exercise your rights, please contact: <a href=\"mailto:frank@kreuzberg-audio.com\" target=\"_self\">frank@kreuzberg-audio.com<\/a><\/p>\n\n\n\n<hr class=\"wp-block-separator has-alpha-channel-opacity\"\/>\n\n\n\n<h2 class=\"wp-block-heading\">11. Right of appeal<\/h2>\n\n\n\n<p>You have the right to lodge a complaint with a data protection supervisory authority.<\/p>\n\n\n\n<p class=\" translation-block\"><strong>Competent supervisory authority:<\/strong> Berlin Commissioner for Data Protection and Freedom of Information Alt-Moabit 59-61 10555 Berlin <a href=\"https:\/\/www.datenschutz-berlin.de\" target=\"_self\">https:\/\/www.datenschutz-berlin.de<\/a><\/p>\n\n\n\n<hr class=\"wp-block-separator has-alpha-channel-opacity\"\/>\n\n\n\n<h2 class=\"wp-block-heading\">12. Storage period<\/h2>\n\n\n\n<p>We only store personal data for as long as is necessary for the respective purposes or as long as there are legal retention obligations:<\/p>\n\n\n\n<ul class=\"wp-block-list\">\n<li class=\" translation-block\"><strong>Order data:<\/strong> 10 years (tax retention obligation)<\/li>\n\n\n\n<li class=\" translation-block\"><strong>Newsletter data:<\/strong> until revoked<\/li>\n\n\n\n<li class=\" translation-block\"><strong>Log files\/analytics:<\/strong> 14 months<\/li>\n<\/ul>\n\n\n\n<hr class=\"wp-block-separator has-alpha-channel-opacity\"\/>\n\n\n\n<h2 class=\"wp-block-heading\">13. Data security<\/h2>\n\n\n\n<p>We use SSL\/TLS encryption for the transmission of sensitive data. Our website is accessible via HTTPS.<\/p>\n\n\n\n<hr class=\"wp-block-separator has-alpha-channel-opacity\"\/>\n\n\n\n<h2 class=\"wp-block-heading\">14. Changes to this privacy policy<\/h2>\n\n\n\n<p>We reserve the right to amend this privacy policy in order to adapt it to changes in the legal situation or changes to our services. The current version can always be found on this page.<\/p>\n\n\n\n<hr class=\"wp-block-separator has-alpha-channel-opacity\"\/>\n\n\n\n<p class=\" translation-block\"><strong>Kreuzberg Audio \u2013 Frank Hahn<\/strong>  Status: December 2025<\/p>","protected":false},"excerpt":{"rendered":"<p>Stand: Dezember 2025 1. Verantwortlicher Frank Hahn Kreuzberg Audio Stra\u00dfmannstra\u00dfe 18 10249 Berlin Deutschland E-Mail: frank@kreuzberg-audio.com Telefon: +49 171 2069066 2. \u00dcbersicht der Verarbeitungen Diese Datenschutzerkl\u00e4rung informiert Sie \u00fcber die Verarbeitung personenbezogener Daten auf unserer Website und in unserem Online-Shop. 3. Rechtsgrundlagen Wir verarbeiten personenbezogene Daten auf Grundlage folgender Rechtsgrundlagen: 4. Hosting Google Cloud Platform &hellip; <\/p>","protected":false},"author":1,"featured_media":0,"parent":0,"menu_order":0,"comment_status":"closed","ping_status":"closed","template":"","meta":{"footnotes":""},"class_list":["post-23","page","type-page","status-publish","hentry"],"aioseo_notices":[],"_links":{"self":[{"href":"https:\/\/kreuzberg-audio.com\/en\/wp-json\/wp\/v2\/pages\/23","targetHints":{"allow":["GET"]}}],"collection":[{"href":"https:\/\/kreuzberg-audio.com\/en\/wp-json\/wp\/v2\/pages"}],"about":[{"href":"https:\/\/kreuzberg-audio.com\/en\/wp-json\/wp\/v2\/types\/page"}],"author":[{"embeddable":true,"href":"https:\/\/kreuzberg-audio.com\/en\/wp-json\/wp\/v2\/users\/1"}],"replies":[{"embeddable":true,"href":"https:\/\/kreuzberg-audio.com\/en\/wp-json\/wp\/v2\/comments?post=23"}],"version-history":[{"count":1,"href":"https:\/\/kreuzberg-audio.com\/en\/wp-json\/wp\/v2\/pages\/23\/revisions"}],"predecessor-version":[{"id":24,"href":"https:\/\/kreuzberg-audio.com\/en\/wp-json\/wp\/v2\/pages\/23\/revisions\/24"}],"wp:attachment":[{"href":"https:\/\/kreuzberg-audio.com\/en\/wp-json\/wp\/v2\/media?parent=23"}],"curies":[{"name":"wp","href":"https:\/\/api.w.org\/{rel}","templated":true}]}}